{"id":11,"date":"2022-12-10T13:28:39","date_gmt":"2022-12-10T18:28:39","guid":{"rendered":"http:\/\/kukurpets.com\/?page_id=11"},"modified":"2022-12-10T13:28:43","modified_gmt":"2022-12-10T18:28:43","slug":"refund_returns","status":"publish","type":"page","link":"https:\/\/kukurpets.com\/index.php\/refund_returns\/","title":{"rendered":"Pol\u00edtica de reembolso y devoluciones"},"content":{"rendered":"\n<p><b>This is a sample page.<\/b><\/p>\n\n\n\n<pre id=\"tw-target-text\" class=\"wp-block-preformatted\">Nuestra pol\u00edtica de reembolso y devoluciones tiene una duraci\u00f3n de 30 d\u00edas. Si han pasado 30 d\u00edas desde su compra, no podemos ofrecerle un reembolso completo o cambio.\n\nPara ser elegible para una devoluci\u00f3n, su art\u00edculo debe estar sin usar y en las mismas condiciones en que lo recibi\u00f3. Tambi\u00e9n debe estar en el embalaje original.\n\n\n\nPara completar su devoluci\u00f3n, requerimos un recibo o comprobante de compra.\n\nPor favor, no devuelva su compra al fabricante.\n\nHay ciertas situaciones en las que solo se otorgan reembolsos parciales:\n\n* Cualquier art\u00edculo que no est\u00e9 en su estado original, est\u00e9 da\u00f1ado o le falten piezas por causas ajenas a nuestro error.\n\n* Cualquier art\u00edculo que se devuelva m\u00e1s de 30 d\u00edas despu\u00e9s de la entrega<\/pre>\n\n\n\n<pre id=\"tw-target-text\" class=\"wp-block-preformatted\">Una vez que se reciba e inspeccione su devoluci\u00f3n, le enviaremos un correo electr\u00f3nico para notificarle que hemos recibido su art\u00edculo devuelto. Tambi\u00e9n le notificaremos la aprobaci\u00f3n o rechazo de su reembolso.\n\nSi se aprueba, se procesar\u00e1 su reembolso y se aplicar\u00e1 autom\u00e1ticamente un cr\u00e9dito a su tarjeta de cr\u00e9dito o m\u00e9todo de pago original, dentro de una cierta cantidad de d\u00edas.\n\nSi a\u00fan no ha recibido un reembolso, primero verifique su cuenta bancaria nuevamente.\n\nLuego, comun\u00edquese con la compa\u00f1\u00eda de su tarjeta de cr\u00e9dito, puede tomar alg\u00fan tiempo antes de que se publique oficialmente su reembolso.\n\nA continuaci\u00f3n, p\u00f3ngase en contacto con su banco. A menudo hay alg\u00fan tiempo de procesamiento antes de que se publique un reembolso.\n\nSi ha hecho todo esto y a\u00fan no ha recibido su reembolso, comun\u00edquese con nosotros a {direcci\u00f3n de correo electr\u00f3nico}.\n\nSolo se pueden reembolsar los art\u00edculos de precio regular. Los art\u00edculos en oferta no se pueden reembolsar.\n\nSolo reemplazamos art\u00edculos si est\u00e1n defectuosos o da\u00f1ados. Si necesita cambiarlo por el mismo art\u00edculo, env\u00edenos un correo electr\u00f3nico a {direcci\u00f3n de correo electr\u00f3nico} y env\u00ede su art\u00edculo a: {direcci\u00f3n f\u00edsica}.\n\nPara devolver su producto, debe enviarlo por correo a: {direcci\u00f3n f\u00edsica}.\n\nUsted ser\u00e1 responsable de pagar sus propios costos de env\u00edo para devolver su art\u00edculo. Los gastos de env\u00edo no son reembolsables. Si recibe un reembolso, el costo del env\u00edo de devoluci\u00f3n se deducir\u00e1 de su reembolso.\n\nDependiendo de d\u00f3nde viva, el tiempo que puede tardar en llegarle el producto intercambiado puede variar.\n\nSi est\u00e1 devolviendo art\u00edculos m\u00e1s caros, puede considerar usar un servicio de env\u00edo rastreable o comprar un seguro de env\u00edo. No garantizamos que recibiremos su art\u00edculo devuelto.\n\nCont\u00e1ctenos en {email} para preguntas relacionadas con reembolsos y devoluciones.<\/pre>\n\n\n\n<p><\/p>\n","protected":false},"excerpt":{"rendered":"<p>This is a sample page. Nuestra pol\u00edtica de reembolso y devoluciones tiene una duraci\u00f3n de 30 d\u00edas. Si han pasado 30 d\u00edas desde su compra, no podemos ofrecerle un reembolso completo o cambio. Para ser elegible para una devoluci\u00f3n, su art\u00edculo debe estar sin usar y en las mismas condiciones en que lo recibi\u00f3. Tambi\u00e9n &hellip;<\/p>\n<p class=\"read-more\"> <a class=\"\" href=\"https:\/\/kukurpets.com\/index.php\/refund_returns\/\"> <span class=\"screen-reader-text\">Pol\u00edtica de reembolso y devoluciones<\/span> Leer m\u00e1s &raquo;<\/a><\/p>\n","protected":false},"author":1,"featured_media":0,"parent":0,"menu_order":0,"comment_status":"closed","ping_status":"closed","template":"","meta":{"advgb_blocks_editor_width":"","advgb_blocks_columns_visual_guide":"","_coblocks_attr":"","_coblocks_dimensions":"","_coblocks_responsive_height":"","_coblocks_accordion_ie_support":"","om_disable_all_campaigns":false,"_mi_skip_tracking":false,"site-sidebar-layout":"default","site-content-layout":"default","ast-global-header-display":"","ast-main-header-display":"","ast-hfb-above-header-display":"","ast-hfb-below-header-display":"","ast-hfb-mobile-header-display":"","site-post-title":"","ast-breadcrumbs-content":"","ast-featured-img":"","footer-sml-layout":"","theme-transparent-header-meta":"","adv-header-id-meta":"","stick-header-meta":"","header-above-stick-meta":"","header-main-stick-meta":"","header-below-stick-meta":"","_joinchat":[]},"aioseo_notices":[],"coauthors":[],"author_meta":{"author_link":"https:\/\/kukurpets.com\/index.php\/author\/kukurpets\/","display_name":"kukurpets"},"relative_dates":{"created":"Publicado 3 a\u00f1os hace","modified":"Actualizado 3 a\u00f1os hace"},"absolute_dates":{"created":"Publicado el 10\/12\/2022","modified":"Actualizado el 10\/12\/2022"},"absolute_dates_time":{"created":"Publicado el 10\/12\/2022 1:28 pm","modified":"Actualizado el 10\/12\/2022 1:28 pm"},"featured_img_caption":"","featured_img":false,"series_order":"","_links":{"self":[{"href":"https:\/\/kukurpets.com\/index.php\/wp-json\/wp\/v2\/pages\/11"}],"collection":[{"href":"https:\/\/kukurpets.com\/index.php\/wp-json\/wp\/v2\/pages"}],"about":[{"href":"https:\/\/kukurpets.com\/index.php\/wp-json\/wp\/v2\/types\/page"}],"author":[{"embeddable":true,"href":"https:\/\/kukurpets.com\/index.php\/wp-json\/wp\/v2\/users\/1"}],"replies":[{"embeddable":true,"href":"https:\/\/kukurpets.com\/index.php\/wp-json\/wp\/v2\/comments?post=11"}],"version-history":[{"count":1,"href":"https:\/\/kukurpets.com\/index.php\/wp-json\/wp\/v2\/pages\/11\/revisions"}],"predecessor-version":[{"id":460,"href":"https:\/\/kukurpets.com\/index.php\/wp-json\/wp\/v2\/pages\/11\/revisions\/460"}],"wp:attachment":[{"href":"https:\/\/kukurpets.com\/index.php\/wp-json\/wp\/v2\/media?parent=11"}],"curies":[{"name":"wp","href":"https:\/\/api.w.org\/{rel}","templated":true}]}}